{"id":136,"date":"2026-04-02T12:49:35","date_gmt":"2026-04-02T10:49:35","guid":{"rendered":"https:\/\/seniorcare.hr\/impresum\/"},"modified":"2026-04-23T09:07:21","modified_gmt":"2026-04-23T07:07:21","slug":"imprint","status":"publish","type":"page","link":"https:\/\/seniorcare.hr\/en\/imprint\/","title":{"rendered":"Imprint"},"content":{"rendered":"\n<section class=\"page-hero\">\n    <img decoding=\"async\" src=\"https:\/\/seniorcare.hr\/wp-content\/themes\/senior-care-theme\/assets\/images\/hero.webp\" alt=\"hero image\" class=\"page-hero-image\">\n    <div class=\"container\">\n        <div class=\"page-hero__inner\">\n            <h1 class=\"page-hero-title\">Imprint<\/h1>\n        <\/div>\n    <\/div>\n<\/section>\n\n\n<section class=\"default-text\">\n    <div class=\"container\">\n        <div class=\"default-text__inner\">\n                            <div class=\"entry-content default-text--text default-text--text-narrow\">\n                    <h2>Legal Information<\/h2>\n<p>The SENIOR CARE institution, as the owner of the website seniorcare.hr, provides the following legal information in accordance with the Law of the Republic of Croatia.<\/p>\n<h2>Basic information<\/h2>\n<p><strong>Name of the institution:<\/strong> Senior Care d.o.o. for consulting and services<br \/>\n<strong>Description:<\/strong> Home for elderly and seriously ill adults<br \/>\n<strong>Headquarters of the institution:<\/strong> Ulica Franje Tu\u0111mana 1, 48260 Kri\u017eevci<br \/>\n<strong>Persons authorized to represent:<\/strong> Ivana Vojtkuf Schmidt<br \/>\n<strong>Social worker:<\/strong> Gorana Radi\u0107 Slivar<br \/>\n<strong>Share capital:<\/strong> 20.000,00 kuna \/ 2.654,46 eur<br \/>\n<strong>IBAN:<\/strong> HR5724020061100734050<br \/>\n<strong>SWIFT\/BIC:<\/strong> ESBCHR22<br \/>\n<strong>OIB:<\/strong> 77842381329<br \/>\n<strong>MBS:<\/strong> 080616460<br \/>\n<strong>Status:<\/strong> No procedure<br \/>\n<strong>Name:<\/strong> Home for the elderly and seriously ill adults Senior Care \/ Senior Care Home<br \/>\n<strong>Legal form:<\/strong> Institution<\/p>\n<h2>Contact information<\/h2>\n<p><strong>E-mail:<\/strong> info@seniorcare.hr<br \/>\n<strong>Phones:<\/strong> +385 48 617 705<br \/>\n<strong>Mobiles:<\/strong> +385 91 6071 761; +385 99 6727 190; +385 91 1210 996<\/p>\n<h2>Competent court<\/h2>\n<p><strong>Court name:<\/strong> Commercial Court in Bjelovar<\/p>\n<h2>Bank details<\/h2>\n<p><strong>Bank name:<\/strong> ERSTE &amp; STEIERM\u00c4RKISCHE BANK d. d.<br \/>\n<strong>Bank address:<\/strong> Jadranski trg 3a, 51000, Rijeka, Hrvatska<br \/>\n<strong>IBAN:<\/strong> HR5724020061100734050<br \/>\n<strong>SWIFT:<\/strong> ESBCHR22<\/p>\n<h2>Persons authorized to represent<\/h2>\n<p>Ivana Vojtkuf Schmidt,<br \/>\nOIB: 19973532288<br \/>\nZagreb, Naumovac 12\/2<br \/>\n(direktor, zastupa samostalno i pojedina\u010dno, Odlukom<br \/>\n\u010dlanova dru\u0161tva od 24.05.2024.g. imenovana za direktora dru\u0161tva)<\/p>\n<h2>Copyright and credits<\/h2>\n<p>Website content: SENIOR CARE d.o.o. (All rights reserved)<br \/>\nWebsite design and development: Lumen Spei (https:\/\/lumenspei.com)<\/p>\n                <\/div>\n                    <\/div>\n    <\/div>\n<\/section>","protected":false},"excerpt":{"rendered":"","protected":false},"author":1,"featured_media":0,"parent":0,"menu_order":0,"comment_status":"closed","ping_status":"closed","template":"","meta":{"_acf_changed":false,"footnotes":""},"class_list":["post-136","page","type-page","status-publish","hentry"],"acf":[],"yoast_head":"<!-- This site is optimized with the Yoast SEO plugin v27.4 - https:\/\/yoast.com\/product\/yoast-seo-wordpress\/ -->\n<title>Imprint | Senior Care<\/title>\n<meta name=\"robots\" content=\"index, follow, max-snippet:-1, max-image-preview:large, max-video-preview:-1\" \/>\n<link rel=\"canonical\" href=\"https:\/\/seniorcare.hr\/en\/imprint\/\" \/>\n<meta property=\"og:locale\" content=\"en_US\" \/>\n<meta property=\"og:type\" content=\"article\" \/>\n<meta property=\"og:title\" content=\"Imprint | Senior Care\" \/>\n<meta property=\"og:url\" content=\"https:\/\/seniorcare.hr\/en\/imprint\/\" \/>\n<meta property=\"og:site_name\" content=\"Senior Care\" \/>\n<meta property=\"article:modified_time\" content=\"2026-04-23T07:07:21+00:00\" \/>\n<meta property=\"og:image\" content=\"https:\/\/seniorcare.hr\/wp-content\/uploads\/2026\/04\/image-1.webp\" \/>\n\t<meta property=\"og:image:width\" content=\"1200\" \/>\n\t<meta property=\"og:image:height\" content=\"675\" \/>\n\t<meta property=\"og:image:type\" content=\"image\/webp\" \/>\n<meta name=\"twitter:card\" content=\"summary_large_image\" \/>\n<script type=\"application\/ld+json\" class=\"yoast-schema-graph\">{\"@context\":\"https:\\\/\\\/schema.org\",\"@graph\":[{\"@type\":\"WebPage\",\"@id\":\"https:\\\/\\\/seniorcare.hr\\\/en\\\/imprint\\\/\",\"url\":\"https:\\\/\\\/seniorcare.hr\\\/en\\\/imprint\\\/\",\"name\":\"Imprint | Senior Care\",\"isPartOf\":{\"@id\":\"https:\\\/\\\/seniorcare.hr\\\/#website\"},\"datePublished\":\"2026-04-02T10:49:35+00:00\",\"dateModified\":\"2026-04-23T07:07:21+00:00\",\"breadcrumb\":{\"@id\":\"https:\\\/\\\/seniorcare.hr\\\/en\\\/imprint\\\/#breadcrumb\"},\"inLanguage\":\"en-US\",\"potentialAction\":[{\"@type\":\"ReadAction\",\"target\":[\"https:\\\/\\\/seniorcare.hr\\\/en\\\/imprint\\\/\"]}]},{\"@type\":\"BreadcrumbList\",\"@id\":\"https:\\\/\\\/seniorcare.hr\\\/en\\\/imprint\\\/#breadcrumb\",\"itemListElement\":[{\"@type\":\"ListItem\",\"position\":1,\"name\":\"Home\",\"item\":\"https:\\\/\\\/seniorcare.hr\\\/en\\\/\"},{\"@type\":\"ListItem\",\"position\":2,\"name\":\"Imprint\"}]},{\"@type\":\"WebSite\",\"@id\":\"https:\\\/\\\/seniorcare.hr\\\/#website\",\"url\":\"https:\\\/\\\/seniorcare.hr\\\/\",\"name\":\"Senior Care\",\"description\":\"\",\"potentialAction\":[{\"@type\":\"SearchAction\",\"target\":{\"@type\":\"EntryPoint\",\"urlTemplate\":\"https:\\\/\\\/seniorcare.hr\\\/?s={search_term_string}\"},\"query-input\":{\"@type\":\"PropertyValueSpecification\",\"valueRequired\":true,\"valueName\":\"search_term_string\"}}],\"inLanguage\":\"en-US\"}]}<\/script>\n<!-- \/ Yoast SEO plugin. -->","yoast_head_json":{"title":"Imprint | Senior Care","robots":{"index":"index","follow":"follow","max-snippet":"max-snippet:-1","max-image-preview":"max-image-preview:large","max-video-preview":"max-video-preview:-1"},"canonical":"https:\/\/seniorcare.hr\/en\/imprint\/","og_locale":"en_US","og_type":"article","og_title":"Imprint | Senior Care","og_url":"https:\/\/seniorcare.hr\/en\/imprint\/","og_site_name":"Senior Care","article_modified_time":"2026-04-23T07:07:21+00:00","og_image":[{"width":1200,"height":675,"url":"https:\/\/seniorcare.hr\/wp-content\/uploads\/2026\/04\/image-1.webp","type":"image\/webp"}],"twitter_card":"summary_large_image","schema":{"@context":"https:\/\/schema.org","@graph":[{"@type":"WebPage","@id":"https:\/\/seniorcare.hr\/en\/imprint\/","url":"https:\/\/seniorcare.hr\/en\/imprint\/","name":"Imprint | Senior Care","isPartOf":{"@id":"https:\/\/seniorcare.hr\/#website"},"datePublished":"2026-04-02T10:49:35+00:00","dateModified":"2026-04-23T07:07:21+00:00","breadcrumb":{"@id":"https:\/\/seniorcare.hr\/en\/imprint\/#breadcrumb"},"inLanguage":"en-US","potentialAction":[{"@type":"ReadAction","target":["https:\/\/seniorcare.hr\/en\/imprint\/"]}]},{"@type":"BreadcrumbList","@id":"https:\/\/seniorcare.hr\/en\/imprint\/#breadcrumb","itemListElement":[{"@type":"ListItem","position":1,"name":"Home","item":"https:\/\/seniorcare.hr\/en\/"},{"@type":"ListItem","position":2,"name":"Imprint"}]},{"@type":"WebSite","@id":"https:\/\/seniorcare.hr\/#website","url":"https:\/\/seniorcare.hr\/","name":"Senior Care","description":"","potentialAction":[{"@type":"SearchAction","target":{"@type":"EntryPoint","urlTemplate":"https:\/\/seniorcare.hr\/?s={search_term_string}"},"query-input":{"@type":"PropertyValueSpecification","valueRequired":true,"valueName":"search_term_string"}}],"inLanguage":"en-US"}]}},"_links":{"self":[{"href":"https:\/\/seniorcare.hr\/en\/wp-json\/wp\/v2\/pages\/136","targetHints":{"allow":["GET"]}}],"collection":[{"href":"https:\/\/seniorcare.hr\/en\/wp-json\/wp\/v2\/pages"}],"about":[{"href":"https:\/\/seniorcare.hr\/en\/wp-json\/wp\/v2\/types\/page"}],"author":[{"embeddable":true,"href":"https:\/\/seniorcare.hr\/en\/wp-json\/wp\/v2\/users\/1"}],"replies":[{"embeddable":true,"href":"https:\/\/seniorcare.hr\/en\/wp-json\/wp\/v2\/comments?post=136"}],"version-history":[{"count":2,"href":"https:\/\/seniorcare.hr\/en\/wp-json\/wp\/v2\/pages\/136\/revisions"}],"predecessor-version":[{"id":929,"href":"https:\/\/seniorcare.hr\/en\/wp-json\/wp\/v2\/pages\/136\/revisions\/929"}],"wp:attachment":[{"href":"https:\/\/seniorcare.hr\/en\/wp-json\/wp\/v2\/media?parent=136"}],"curies":[{"name":"wp","href":"https:\/\/api.w.org\/{rel}","templated":true}]}}